{"id":17,"date":"2020-07-03T07:55:06","date_gmt":"2020-07-03T10:55:06","guid":{"rendered":"http:\/\/dramabarroco.com\/legalbusiness\/?page_id=17"},"modified":"2020-07-20T12:51:26","modified_gmt":"2020-07-20T15:51:26","slug":"atuacao","status":"publish","type":"page","link":"https:\/\/www.legalbusiness.com.br\/en\/atuacao\/","title":{"rendered":"(PT) Atua\u00e7\u00e3o"},"content":{"rendered":"<p class=\"qtranxs-available-languages-message qtranxs-available-languages-message-en\">Sorry, this entry is only available in <a href=\"https:\/\/www.legalbusiness.com.br\/pb\/wp-json\/wp\/v2\/pages\/17\" class=\"qtranxs-available-language-link qtranxs-available-language-link-pb\" title=\"PT\">Brazilian Portuguese<\/a>.<\/p>","protected":false},"excerpt":{"rendered":"<p>conhe\u00e7a nossos setores de atua\u00e7\u00e3o e solicite sua proposta.<\/p>\n","protected":false},"author":1,"featured_media":93,"parent":0,"menu_order":0,"comment_status":"closed","ping_status":"closed","template":"page-atuacao.php","meta":[],"yoast_head":"<!-- This site is optimized with the Yoast SEO plugin v14.7 - https:\/\/yoast.com\/wordpress\/plugins\/seo\/ -->\n<meta name=\"robots\" content=\"index, follow\" \/>\n<meta name=\"googlebot\" content=\"index, follow, max-snippet:-1, max-image-preview:large, max-video-preview:-1\" \/>\n<meta name=\"bingbot\" content=\"index, follow, max-snippet:-1, max-image-preview:large, max-video-preview:-1\" \/>\n<link rel=\"canonical\" href=\"http:\/\/www.legalbusiness.com.br\/atuacao\/\" \/>\n<meta property=\"og:locale\" content=\"en_US\" \/>\n<meta property=\"og:type\" content=\"article\" \/>\n<meta property=\"og:title\" content=\"[:pb]Atua\u00e7\u00e3o[:] - Legal Business\" \/>\n<meta property=\"og:description\" content=\"conhe\u00e7a nossos setores de atua\u00e7\u00e3o e solicite sua proposta.\" \/>\n<meta property=\"og:url\" content=\"http:\/\/www.legalbusiness.com.br\/atuacao\/\" \/>\n<meta property=\"og:site_name\" content=\"Legal Business\" \/>\n<meta property=\"article:modified_time\" content=\"2020-07-20T15:51:26+00:00\" \/>\n<meta property=\"og:image\" content=\"https:\/\/www.legalbusiness.com.br\/wp-content\/uploads\/2020\/07\/im_pags_geral.png\" \/>\n\t<meta property=\"og:image:width\" content=\"763\" \/>\n\t<meta property=\"og:image:height\" content=\"204\" \/>\n<meta name=\"twitter:card\" content=\"summary_large_image\" \/>\n<script type=\"application\/ld+json\" class=\"yoast-schema-graph\">{\"@context\":\"https:\/\/schema.org\",\"@graph\":[{\"@type\":\"WebSite\",\"@id\":\"https:\/\/www.legalbusiness.com.br\/en\/#website\",\"url\":\"https:\/\/www.legalbusiness.com.br\/en\/\",\"name\":\"Legal Business\",\"description\":\"\",\"potentialAction\":[{\"@type\":\"SearchAction\",\"target\":\"https:\/\/www.legalbusiness.com.br\/en\/?s={search_term_string}\",\"query-input\":\"required name=search_term_string\"}],\"inLanguage\":\"en-US\"},{\"@type\":\"ImageObject\",\"@id\":\"http:\/\/www.legalbusiness.com.br\/atuacao\/#primaryimage\",\"inLanguage\":\"en-US\",\"url\":\"https:\/\/www.legalbusiness.com.br\/wp-content\/uploads\/2020\/07\/im_pags_geral.png\",\"width\":763,\"height\":204},{\"@type\":\"WebPage\",\"@id\":\"http:\/\/www.legalbusiness.com.br\/atuacao\/#webpage\",\"url\":\"http:\/\/www.legalbusiness.com.br\/atuacao\/\",\"name\":\"[:pb]Atua\\u00e7\\u00e3o[:] - Legal Business\",\"isPartOf\":{\"@id\":\"https:\/\/www.legalbusiness.com.br\/en\/#website\"},\"primaryImageOfPage\":{\"@id\":\"http:\/\/www.legalbusiness.com.br\/atuacao\/#primaryimage\"},\"datePublished\":\"2020-07-03T10:55:06+00:00\",\"dateModified\":\"2020-07-20T15:51:26+00:00\",\"inLanguage\":\"en-US\",\"potentialAction\":[{\"@type\":\"ReadAction\",\"target\":[\"http:\/\/www.legalbusiness.com.br\/atuacao\/\"]}]}]}<\/script>\n<!-- \/ Yoast SEO plugin. -->","_links":{"self":[{"href":"https:\/\/www.legalbusiness.com.br\/en\/wp-json\/wp\/v2\/pages\/17"}],"collection":[{"href":"https:\/\/www.legalbusiness.com.br\/en\/wp-json\/wp\/v2\/pages"}],"about":[{"href":"https:\/\/www.legalbusiness.com.br\/en\/wp-json\/wp\/v2\/types\/page"}],"author":[{"embeddable":true,"href":"https:\/\/www.legalbusiness.com.br\/en\/wp-json\/wp\/v2\/users\/1"}],"replies":[{"embeddable":true,"href":"https:\/\/www.legalbusiness.com.br\/en\/wp-json\/wp\/v2\/comments?post=17"}],"version-history":[{"count":4,"href":"https:\/\/www.legalbusiness.com.br\/en\/wp-json\/wp\/v2\/pages\/17\/revisions"}],"predecessor-version":[{"id":101,"href":"https:\/\/www.legalbusiness.com.br\/en\/wp-json\/wp\/v2\/pages\/17\/revisions\/101"}],"wp:featuredmedia":[{"embeddable":true,"href":"https:\/\/www.legalbusiness.com.br\/en\/wp-json\/wp\/v2\/media\/93"}],"wp:attachment":[{"href":"https:\/\/www.legalbusiness.com.br\/en\/wp-json\/wp\/v2\/media?parent=17"}],"curies":[{"name":"wp","href":"https:\/\/api.w.org\/{rel}","templated":true}]}}