{"id":11,"date":"2020-07-03T07:53:00","date_gmt":"2020-07-03T10:53:00","guid":{"rendered":"http:\/\/dramabarroco.com\/legalbusiness\/?page_id=11"},"modified":"2020-07-20T16:33:26","modified_gmt":"2020-07-20T19:33:26","slug":"a-empresa","status":"publish","type":"page","link":"https:\/\/www.legalbusiness.com.br\/en\/a-empresa\/","title":{"rendered":"E"},"content":{"rendered":"<p class=\"qtranxs-available-languages-message qtranxs-available-languages-message-en\">Sorry, this entry is only available in <a href=\"https:\/\/www.legalbusiness.com.br\/pb\/wp-json\/wp\/v2\/pages\/11\" class=\"qtranxs-available-language-link qtranxs-available-language-link-pb\" title=\"PT\">Brazilian Portuguese<\/a>.<\/p>","protected":false},"excerpt":{"rendered":"<p class=\"qtranxs-available-languages-message qtranxs-available-languages-message-en\">Sorry, this entry is only available in <a href=\"https:\/\/www.legalbusiness.com.br\/pb\/wp-json\/wp\/v2\/pages\/11\" class=\"qtranxs-available-language-link qtranxs-available-language-link-pb\" title=\"PT\">Brazilian Portuguese<\/a>.<\/p>\n","protected":false},"author":1,"featured_media":0,"parent":0,"menu_order":0,"comment_status":"closed","ping_status":"closed","template":"page-empresa.php","meta":[],"yoast_head":"<!-- This site is optimized with the Yoast SEO plugin v14.7 - https:\/\/yoast.com\/wordpress\/plugins\/seo\/ -->\n<meta name=\"robots\" content=\"index, follow\" \/>\n<meta name=\"googlebot\" content=\"index, follow, max-snippet:-1, max-image-preview:large, max-video-preview:-1\" \/>\n<meta name=\"bingbot\" content=\"index, follow, max-snippet:-1, max-image-preview:large, max-video-preview:-1\" \/>\n<link rel=\"canonical\" href=\"http:\/\/www.legalbusiness.com.br\/a-empresa\/\" \/>\n<meta property=\"og:locale\" content=\"en_US\" \/>\n<meta property=\"og:type\" content=\"article\" \/>\n<meta property=\"og:title\" content=\"[:pb]A empresa[:en]E[:] - Legal Business\" \/>\n<meta property=\"og:description\" content=\"[:pb]A Legal Business \u00e9 uma empresa especializada em per\u00edcias cont\u00e1beis, fundada em 2007, com o objetivo de atuar no suporte jur\u00eddico \u00e0s empresas nacionais e multinacionais, de diferentes portes e segmentos, oferecendo aos nossos clientes uma estrutura especializada com valores pautados na \u00e9tica, confian\u00e7a, efici\u00eancia, consist\u00eancia, assertividade, seguran\u00e7a e sigilo das informa\u00e7\u00f5es.[:]\" \/>\n<meta property=\"og:url\" content=\"http:\/\/www.legalbusiness.com.br\/a-empresa\/\" \/>\n<meta property=\"og:site_name\" content=\"Legal Business\" \/>\n<meta property=\"article:modified_time\" content=\"2020-07-20T19:33:26+00:00\" \/>\n<meta name=\"twitter:card\" content=\"summary_large_image\" \/>\n<script type=\"application\/ld+json\" class=\"yoast-schema-graph\">{\"@context\":\"https:\/\/schema.org\",\"@graph\":[{\"@type\":\"WebSite\",\"@id\":\"https:\/\/www.legalbusiness.com.br\/en\/#website\",\"url\":\"https:\/\/www.legalbusiness.com.br\/en\/\",\"name\":\"Legal Business\",\"description\":\"\",\"potentialAction\":[{\"@type\":\"SearchAction\",\"target\":\"https:\/\/www.legalbusiness.com.br\/en\/?s={search_term_string}\",\"query-input\":\"required name=search_term_string\"}],\"inLanguage\":\"en-US\"},{\"@type\":\"WebPage\",\"@id\":\"http:\/\/www.legalbusiness.com.br\/a-empresa\/#webpage\",\"url\":\"http:\/\/www.legalbusiness.com.br\/a-empresa\/\",\"name\":\"[:pb]A empresa[:en]E[:] - Legal Business\",\"isPartOf\":{\"@id\":\"https:\/\/www.legalbusiness.com.br\/en\/#website\"},\"datePublished\":\"2020-07-03T10:53:00+00:00\",\"dateModified\":\"2020-07-20T19:33:26+00:00\",\"inLanguage\":\"en-US\",\"potentialAction\":[{\"@type\":\"ReadAction\",\"target\":[\"http:\/\/www.legalbusiness.com.br\/a-empresa\/\"]}]}]}<\/script>\n<!-- \/ Yoast SEO plugin. -->","_links":{"self":[{"href":"https:\/\/www.legalbusiness.com.br\/en\/wp-json\/wp\/v2\/pages\/11"}],"collection":[{"href":"https:\/\/www.legalbusiness.com.br\/en\/wp-json\/wp\/v2\/pages"}],"about":[{"href":"https:\/\/www.legalbusiness.com.br\/en\/wp-json\/wp\/v2\/types\/page"}],"author":[{"embeddable":true,"href":"https:\/\/www.legalbusiness.com.br\/en\/wp-json\/wp\/v2\/users\/1"}],"replies":[{"embeddable":true,"href":"https:\/\/www.legalbusiness.com.br\/en\/wp-json\/wp\/v2\/comments?post=11"}],"version-history":[{"count":6,"href":"https:\/\/www.legalbusiness.com.br\/en\/wp-json\/wp\/v2\/pages\/11\/revisions"}],"predecessor-version":[{"id":116,"href":"https:\/\/www.legalbusiness.com.br\/en\/wp-json\/wp\/v2\/pages\/11\/revisions\/116"}],"wp:attachment":[{"href":"https:\/\/www.legalbusiness.com.br\/en\/wp-json\/wp\/v2\/media?parent=11"}],"curies":[{"name":"wp","href":"https:\/\/api.w.org\/{rel}","templated":true}]}}